{"id":146,"date":"2011-09-12T11:37:16","date_gmt":"2011-09-12T11:37:16","guid":{"rendered":"http:\/\/www.vogelbergje.nl\/?page_id=146"},"modified":"2023-06-01T11:31:34","modified_gmt":"2023-06-01T09:31:34","slug":"inrichting","status":"publish","type":"page","link":"https:\/\/www.vogelbergje.nl\/de\/inrichting\/","title":{"rendered":"Einrichtung"},"content":{"rendered":"<p><\/p>\n<h2>Einrichtung und Ausstattung<\/h2>\n<p>Ferienhaus \u2018t Vogelbergje auf Texel liegt in einem grossen bewaldeten Garten mit Laubb\u00e4ume. Im Garten befindet sich ein kleiner Teich und ein Erhebung mit einer Vogeltr\u00e4nke, \u2018t Vogelbergje. Das Ferienhaus verf\u00fcgt \u00fcber eine komfortable Einrichtung und umfangreiche Ausstattung. <a href=\"http:\/\/www.vogelbergje.nl\/wp-content\/uploads\/Plattegrond-Vogelbergje-1.pdf\" target=\"_blank\" rel=\"noopener noreferrer\">Lageplan<\/a><\/p>\n<ul>\n<li>Ger\u00e4umiges Wohnzimmer mit Essplatz und offener K\u00fcche<\/li>\n<li>Durchgegend eingeschossig<\/li>\n<li>Fenster an S\u00fcd- und Westseite<\/li>\n<li>Zwei Schlafzimmer mit je zwei Boxspringbetten 90 cm x 200 cm<\/li>\n<li>Federbetten, Kopfkissen und Bettdecken vorhanden<\/li>\n<li>Hei\u00dfwasserwaschbecken in jedem Schlafzimmer<\/li>\n<li>Renovierten Dusche und WC mit Fu\u00dfbodenheizung<\/li>\n<li>Zentralheizung in allen R\u00e4umen<\/li>\n<li>Doppelverglasung<\/li>\n<li>Voll ausgestattete K\u00fcche mit Herd, Backofen und Mikrowelle<\/li>\n<li>Waschmachine und Trockner im Abstellraum<\/li>\n<li>Radio\/CD-Spieler<\/li>\n<li>Fernseher und DVD-Spieler<\/li>\n<li>Drahtloses Internet<\/li>\n<li>S\u00fcdlich ausgerichtete Terrasse mit Gartenm\u00f6beln<\/li>\n<li>Windschirm und Markise<\/li>\n<li>Parkplatz<\/li>\n<\/ul>\n<p><\/p>","protected":false},"excerpt":{"rendered":"<p>Einrichtung und Ausstattung Ferienhaus \u2018t Vogelbergje auf Texel liegt in einem grossen bewaldeten Garten mit Laubb\u00e4ume. Im Garten befindet sich ein kleiner Teich und ein Erhebung mit einer Vogeltr\u00e4nke, \u2018t Vogelbergje. Das Ferienhaus verf\u00fcgt \u00fcber eine komfortable Einrichtung und umfangreiche Ausstattung. Lageplan Ger\u00e4umiges Wohnzimmer mit Essplatz und offener K\u00fcche Durchgegend eingeschossig Fenster an S\u00fcd- und &hellip; <a href=\"https:\/\/www.vogelbergje.nl\/de\/inrichting\/\" class=\"more-link\"><span class=\"screen-reader-text\">Einrichtung<\/span> weiterlesen <span class=\"meta-nav\">&rarr;<\/span><\/a><\/p>\n","protected":false},"author":1,"featured_media":0,"parent":0,"menu_order":0,"comment_status":"closed","ping_status":"closed","template":"","meta":{"footnotes":""},"class_list":["post-146","page","type-page","status-publish","hentry"],"_links":{"self":[{"href":"https:\/\/www.vogelbergje.nl\/de\/wp-json\/wp\/v2\/pages\/146","targetHints":{"allow":["GET"]}}],"collection":[{"href":"https:\/\/www.vogelbergje.nl\/de\/wp-json\/wp\/v2\/pages"}],"about":[{"href":"https:\/\/www.vogelbergje.nl\/de\/wp-json\/wp\/v2\/types\/page"}],"author":[{"embeddable":true,"href":"https:\/\/www.vogelbergje.nl\/de\/wp-json\/wp\/v2\/users\/1"}],"replies":[{"embeddable":true,"href":"https:\/\/www.vogelbergje.nl\/de\/wp-json\/wp\/v2\/comments?post=146"}],"version-history":[{"count":167,"href":"https:\/\/www.vogelbergje.nl\/de\/wp-json\/wp\/v2\/pages\/146\/revisions"}],"predecessor-version":[{"id":1595,"href":"https:\/\/www.vogelbergje.nl\/de\/wp-json\/wp\/v2\/pages\/146\/revisions\/1595"}],"wp:attachment":[{"href":"https:\/\/www.vogelbergje.nl\/de\/wp-json\/wp\/v2\/media?parent=146"}],"curies":[{"name":"wp","href":"https:\/\/api.w.org\/{rel}","templated":true}]}}