{"id":152,"date":"2011-09-12T11:37:28","date_gmt":"2011-09-12T09:37:28","guid":{"rendered":"http:\/\/www.vogelbergje.nl\/?page_id=152"},"modified":"2018-03-26T20:14:32","modified_gmt":"2018-03-26T18:14:32","slug":"locatie","status":"publish","type":"page","link":"https:\/\/www.vogelbergje.nl\/de\/locatie\/","title":{"rendered":"Lage"},"content":{"rendered":"<p><\/p>\n<h2>Lage Ferienhaus \u2019t Vogelbergje<\/h2>\n<p>Ferienhaus \u2019t Vogelbergje befindet sich auf einem grossen Privatgrundst\u00fcck in dem Waldgebiet s\u00fcdlich von De Koog,\u00a0 in unmittelbarer N\u00e4he von Meer, D\u00fcnen und Ecomare. Ein idealer Ausgangspunkt f\u00fcr einen sch\u00f6nen Urlaub auf Texel.<\/p>\n<p>Adresse Ferienbungalow &#8218;t Vogelbergje:<br \/>\nCaliforni\u00ebweg 515<br \/>\n1796 PV De Koog<\/p>\n<p>Nehmen Sie auf dem Pontweg die Ausfahrt 13, Californieweg. Nach einer doppelten Kurve sehen Sie links den California Apartment-Komplex. Direkt dahinter zweigt ein Pfad von der Stra\u00dfe ab. Es hat links eine Hecke, rechts ein paar H\u00e4uschen. Das letzte H\u00e4uschen ist \u2019t Vogelbergje.<\/p>\n<p>Buslinie 33 bringt Sie vom Bahnhof Den Helder zur F\u00e4hre. Auf Texel bringt Buslinie 28 Sie vom F\u00e4hrhafen zu den Burg und De Koog. Von De Koog h\u00e4lt Buslinie 28 an der Bushaltestelle 41-Californi\u00eb kurz vor Californi\u00eb- Apartment-Komplex. F\u00fcr alle anderen Orte werden Sie auf Wunsch mit Kleintransportern von <a href=\"http:\/\/www.texelhopper.nl\/\" target=\"_blank\" rel=\"noopener\">Texelhopper<\/a> transportiert.<\/p>\n<p>Fahrradverleih an der F\u00e4hrenanlegestelle und in de Koog.<\/p>\n<p><span style=\"text-decoration: underline;\"><a href=\"https:\/\/maps.google.nl\/maps?f=q&amp;source=s_q&amp;hl=nl&amp;geocode=&amp;q=Californi%C3%ABweg+515+De+Koog\">Anfahrtbeschreibung <\/a><\/span>&#8218; t Vogelbergje<\/p>","protected":false},"excerpt":{"rendered":"<p>Lage Ferienhaus \u2019t Vogelbergje Ferienhaus \u2019t Vogelbergje befindet sich auf einem grossen Privatgrundst\u00fcck in dem Waldgebiet s\u00fcdlich von De Koog,\u00a0 in unmittelbarer N\u00e4he von Meer, D\u00fcnen und Ecomare. Ein idealer Ausgangspunkt f\u00fcr einen sch\u00f6nen Urlaub auf Texel. Adresse Ferienbungalow &#8218;t Vogelbergje: Californi\u00ebweg 515 1796 PV De Koog Nehmen Sie auf dem Pontweg die Ausfahrt 13, &hellip; <a href=\"https:\/\/www.vogelbergje.nl\/de\/locatie\/\" class=\"more-link\"><span class=\"screen-reader-text\">Lage<\/span> weiterlesen <span class=\"meta-nav\">&rarr;<\/span><\/a><\/p>\n","protected":false},"author":1,"featured_media":0,"parent":0,"menu_order":0,"comment_status":"closed","ping_status":"closed","template":"","meta":{"footnotes":""},"class_list":["post-152","page","type-page","status-publish","hentry"],"_links":{"self":[{"href":"https:\/\/www.vogelbergje.nl\/de\/wp-json\/wp\/v2\/pages\/152","targetHints":{"allow":["GET"]}}],"collection":[{"href":"https:\/\/www.vogelbergje.nl\/de\/wp-json\/wp\/v2\/pages"}],"about":[{"href":"https:\/\/www.vogelbergje.nl\/de\/wp-json\/wp\/v2\/types\/page"}],"author":[{"embeddable":true,"href":"https:\/\/www.vogelbergje.nl\/de\/wp-json\/wp\/v2\/users\/1"}],"replies":[{"embeddable":true,"href":"https:\/\/www.vogelbergje.nl\/de\/wp-json\/wp\/v2\/comments?post=152"}],"version-history":[{"count":74,"href":"https:\/\/www.vogelbergje.nl\/de\/wp-json\/wp\/v2\/pages\/152\/revisions"}],"predecessor-version":[{"id":1420,"href":"https:\/\/www.vogelbergje.nl\/de\/wp-json\/wp\/v2\/pages\/152\/revisions\/1420"}],"wp:attachment":[{"href":"https:\/\/www.vogelbergje.nl\/de\/wp-json\/wp\/v2\/media?parent=152"}],"curies":[{"name":"wp","href":"https:\/\/api.w.org\/{rel}","templated":true}]}}