{"id":1651,"date":"2026-01-09T21:39:35","date_gmt":"2026-01-09T20:39:35","guid":{"rendered":"https:\/\/www.vogelbergje.nl\/?page_id=1651"},"modified":"2026-01-09T21:39:35","modified_gmt":"2026-01-09T20:39:35","slug":"test2","status":"publish","type":"page","link":"https:\/\/www.vogelbergje.nl\/de\/test2\/","title":{"rendered":"Test3"},"content":{"rendered":"<p><\/p>\n<h2>Mietpreise Ferienhaus `t Vogelbergje<\/h2>\n<p>Alle Preise sind in einem leicht auszudruckenden pdf-Dokument zusammengestellt.\u00a0Klicken Sie auf <a href=\"https:\/\/www.vogelbergje.nl\/wp-content\/uploads\/dd-duits-MIETPREIS-2026.pdf\" target=\"_blank\" rel=\"noopener noreferrer\">Preisliste 2026 Ferienhaus `t Vogelbergje<\/a><\/p>\n<p>Schauen Sie nach, wann das Ferienhaus <a href=\"http:\/\/www.vogelbergje.nl\/de\/beschikbaarheid\/\">verf\u00fcgbar<\/a> ist.<\/p>\n<p>Tipp: In der Nebensaison k\u00f6nnen Sie &#8218;t Vogelbergje auch f\u00fcr einen Kurzurlaub unter der Woche, ein Wochenende oder eine beliebige Anzahl von Tagen mieten. Besuchen Sie &lt;a title=&#8220;contact&#8220; href=&#8220;https:\/\/www.vogelbergje.nl\/contact\/&#8220;&gt;contact&lt;\/a&gt; und informieren Sie sich \u00fcber die M\u00f6glichkeiten.<\/p>","protected":false},"excerpt":{"rendered":"<p>Mietpreise Ferienhaus `t Vogelbergje Alle Preise sind in einem leicht auszudruckenden pdf-Dokument zusammengestellt.\u00a0Klicken Sie auf Preisliste 2026 Ferienhaus `t Vogelbergje Schauen Sie nach, wann das Ferienhaus verf\u00fcgbar ist. Tipp: In der Nebensaison k\u00f6nnen Sie &#8218;t Vogelbergje auch f\u00fcr einen Kurzurlaub unter der Woche, ein Wochenende oder eine beliebige Anzahl von Tagen mieten. Besuchen Sie &lt;a &hellip; <a href=\"https:\/\/www.vogelbergje.nl\/de\/test2\/\" class=\"more-link\"><span class=\"screen-reader-text\">Test3<\/span> weiterlesen <span class=\"meta-nav\">&rarr;<\/span><\/a><\/p>\n","protected":false},"author":1,"featured_media":0,"parent":0,"menu_order":0,"comment_status":"closed","ping_status":"closed","template":"","meta":{"footnotes":""},"class_list":["post-1651","page","type-page","status-publish","hentry"],"_links":{"self":[{"href":"https:\/\/www.vogelbergje.nl\/de\/wp-json\/wp\/v2\/pages\/1651","targetHints":{"allow":["GET"]}}],"collection":[{"href":"https:\/\/www.vogelbergje.nl\/de\/wp-json\/wp\/v2\/pages"}],"about":[{"href":"https:\/\/www.vogelbergje.nl\/de\/wp-json\/wp\/v2\/types\/page"}],"author":[{"embeddable":true,"href":"https:\/\/www.vogelbergje.nl\/de\/wp-json\/wp\/v2\/users\/1"}],"replies":[{"embeddable":true,"href":"https:\/\/www.vogelbergje.nl\/de\/wp-json\/wp\/v2\/comments?post=1651"}],"version-history":[{"count":4,"href":"https:\/\/www.vogelbergje.nl\/de\/wp-json\/wp\/v2\/pages\/1651\/revisions"}],"predecessor-version":[{"id":1655,"href":"https:\/\/www.vogelbergje.nl\/de\/wp-json\/wp\/v2\/pages\/1651\/revisions\/1655"}],"wp:attachment":[{"href":"https:\/\/www.vogelbergje.nl\/de\/wp-json\/wp\/v2\/media?parent=1651"}],"curies":[{"name":"wp","href":"https:\/\/api.w.org\/{rel}","templated":true}]}}