{"id":37,"date":"2011-08-31T13:21:54","date_gmt":"2011-08-31T13:21:54","guid":{"rendered":"http:\/\/www.vogelbergje.nl\/?page_id=37"},"modified":"2018-03-26T20:19:26","modified_gmt":"2018-03-26T18:19:26","slug":"vakantiehuis-vogelbergje-texel","status":"publish","type":"page","link":"https:\/\/www.vogelbergje.nl\/de\/","title":{"rendered":"Wilkommen"},"content":{"rendered":"<p><\/p>\n<h2>Ferienhaus \u2019t Vogelbergje: eine Oase der Stille, Ruhe und Abgeschiedenheit<\/h2>\n<p>Der gem\u00fctliche, einst\u00f6ckige Vierbettbungalow mit S\u00fcdterrasse ist von einem gesch\u00fctzten Garten umgeben und dank Zentralheizung und Doppelverglasung auch im Winter bequem.<\/p>\n<p>\u2019 t Vogelbergje befindet sich auf einem gro\u00dfen Privatgrundst\u00fcck in Texels Waldgegend &#8218;De Dennen\u2019, in umittelbarer N\u00e4he von Meer und D\u00fcnen.<\/p>\n<p>Gesch\u00e4fte finden Sie in De Koog (3 km Entfernung) und Den Burg<br \/>\n(5 km Entfernung).<\/p>\n<p>Ferienhaus \u2019 t Vogelbergje ist ein Nichtraucherhaus.<\/p>\n<p>Seien Sie und Ihr Haustier willkommen an diesem besonderen Ort!<\/p>","protected":false},"excerpt":{"rendered":"<p>Ferienhaus \u2019t Vogelbergje: eine Oase der Stille, Ruhe und Abgeschiedenheit Der gem\u00fctliche, einst\u00f6ckige Vierbettbungalow mit S\u00fcdterrasse ist von einem gesch\u00fctzten Garten umgeben und dank Zentralheizung und Doppelverglasung auch im Winter bequem. \u2019 t Vogelbergje befindet sich auf einem gro\u00dfen Privatgrundst\u00fcck in Texels Waldgegend &#8218;De Dennen\u2019, in umittelbarer N\u00e4he von Meer und D\u00fcnen. Gesch\u00e4fte finden Sie &hellip; <a href=\"https:\/\/www.vogelbergje.nl\/de\/\" class=\"more-link\"><span class=\"screen-reader-text\">Wilkommen<\/span> weiterlesen <span class=\"meta-nav\">&rarr;<\/span><\/a><\/p>\n","protected":false},"author":1,"featured_media":0,"parent":0,"menu_order":0,"comment_status":"closed","ping_status":"closed","template":"","meta":{"footnotes":""},"class_list":["post-37","page","type-page","status-publish","hentry"],"_links":{"self":[{"href":"https:\/\/www.vogelbergje.nl\/de\/wp-json\/wp\/v2\/pages\/37","targetHints":{"allow":["GET"]}}],"collection":[{"href":"https:\/\/www.vogelbergje.nl\/de\/wp-json\/wp\/v2\/pages"}],"about":[{"href":"https:\/\/www.vogelbergje.nl\/de\/wp-json\/wp\/v2\/types\/page"}],"author":[{"embeddable":true,"href":"https:\/\/www.vogelbergje.nl\/de\/wp-json\/wp\/v2\/users\/1"}],"replies":[{"embeddable":true,"href":"https:\/\/www.vogelbergje.nl\/de\/wp-json\/wp\/v2\/comments?post=37"}],"version-history":[{"count":150,"href":"https:\/\/www.vogelbergje.nl\/de\/wp-json\/wp\/v2\/pages\/37\/revisions"}],"predecessor-version":[{"id":1421,"href":"https:\/\/www.vogelbergje.nl\/de\/wp-json\/wp\/v2\/pages\/37\/revisions\/1421"}],"wp:attachment":[{"href":"https:\/\/www.vogelbergje.nl\/de\/wp-json\/wp\/v2\/media?parent=37"}],"curies":[{"name":"wp","href":"https:\/\/api.w.org\/{rel}","templated":true}]}}